{"id":60,"date":"2022-05-09T11:48:23","date_gmt":"2022-05-09T09:48:23","guid":{"rendered":"https:\/\/www.perbellini.com\/product\/sbrisolada"},"modified":"2026-04-10T22:19:24","modified_gmt":"2026-04-10T20:19:24","slug":"sbrisolada","status":"publish","type":"product","link":"https:\/\/www.perbellini.com\/en\/shop\/sbrisolada\/","title":{"rendered":"Sbrisolada"},"content":{"rendered":"","protected":false},"excerpt":{"rendered":"<p>Mantua, an ancient and fascinating city, is here, just a stone's throw from Bovolone, and that is precisely why we wanted to pay tribute to it with the dessert that is its emblem.<\/p>\n<p>The \"brisa\" is the crumb in Mantuan dialect, hence the name Sbrisolona or Sbrisolada.<br \/>\nThe crumbs, which form when the cake is broken, are due to the unique dough made of butter, almonds and cornmeal.<\/p>","protected":false},"featured_media":8909,"template":"","meta":{"_acf_changed":false},"product_brand":[],"product_cat":[33],"product_tag":[],"class_list":{"0":"post-60","1":"product","2":"type-product","3":"status-publish","4":"has-post-thumbnail","6":"product_cat-biscotti-e-sfoglie","8":"first","9":"instock","10":"featured","11":"taxable","12":"shipping-taxable","13":"purchasable","14":"product-type-simple"},"acf":[],"yoast_head":"<!-- This site is optimized with the Yoast SEO plugin v27.3 - https:\/\/yoast.com\/product\/yoast-seo-wordpress\/ -->\n<title>Sbrisolada - Pasticceria Perbellini<\/title>\n<meta name=\"description\" content=\"Mantova citt\u00e0 antica ed affascinante \u00e8 qui, a due passi da Bovolone, e proprio per questo abbiamo voluto renderle omaggio con il dolce che ne \u00e8 l&#039;emblema.  La &quot;brisa&quot; \u00e8 la briciola in dialetto mantovano, da qui il nome Sbrisolona o Sbrisolada. Le briciole, che si formano quando il dolce viene rotto, sono dovute al singolare impasto fatto di burro, mandorle e farina di mais.\" \/>\n<meta name=\"robots\" content=\"index, follow, max-snippet:-1, max-image-preview:large, max-video-preview:-1\" \/>\n<link rel=\"canonical\" href=\"https:\/\/www.perbellini.com\/en\/shop\/sbrisolada\/\" \/>\n<meta property=\"og:locale\" content=\"en_US\" \/>\n<meta property=\"og:type\" content=\"article\" \/>\n<meta property=\"og:title\" content=\"Sbrisolada - Pasticceria Perbellini\" \/>\n<meta property=\"og:description\" content=\"Mantova citt\u00e0 antica ed affascinante \u00e8 qui, a due passi da Bovolone, e proprio per questo abbiamo voluto renderle omaggio con il dolce che ne \u00e8 l&#039;emblema.  La &quot;brisa&quot; \u00e8 la briciola in dialetto mantovano, da qui il nome Sbrisolona o Sbrisolada. Le briciole, che si formano quando il dolce viene rotto, sono dovute al singolare impasto fatto di burro, mandorle e farina di mais.\" \/>\n<meta property=\"og:url\" content=\"https:\/\/www.perbellini.com\/en\/shop\/sbrisolada\/\" \/>\n<meta property=\"og:site_name\" content=\"Pasticceria Perbellini\" \/>\n<meta property=\"article:publisher\" content=\"https:\/\/www.facebook.com\/pasticceriaperbellini\/\" \/>\n<meta property=\"article:modified_time\" content=\"2026-04-10T20:19:24+00:00\" \/>\n<meta property=\"og:image\" content=\"https:\/\/www.perbellini.com\/wp-content\/uploads\/2024\/10\/perbellini-sbrisolada.jpg\" \/>\n\t<meta property=\"og:image:width\" content=\"1080\" \/>\n\t<meta property=\"og:image:height\" content=\"1080\" \/>\n\t<meta property=\"og:image:type\" content=\"image\/jpeg\" \/>\n<meta name=\"twitter:card\" content=\"summary_large_image\" \/>\n<meta name=\"twitter:label1\" content=\"Est. reading time\" \/>\n\t<meta name=\"twitter:data1\" content=\"1 minute\" \/>\n<script type=\"application\/ld+json\" class=\"yoast-schema-graph\">{\"@context\":\"https:\\\/\\\/schema.org\",\"@graph\":[{\"@type\":\"WebPage\",\"@id\":\"https:\\\/\\\/www.perbellini.com\\\/shop\\\/sbrisolada\\\/\",\"url\":\"https:\\\/\\\/www.perbellini.com\\\/shop\\\/sbrisolada\\\/\",\"name\":\"Sbrisolada - Pasticceria Perbellini\",\"isPartOf\":{\"@id\":\"https:\\\/\\\/www.perbellini.com\\\/#website\"},\"primaryImageOfPage\":{\"@id\":\"https:\\\/\\\/www.perbellini.com\\\/shop\\\/sbrisolada\\\/#primaryimage\"},\"image\":{\"@id\":\"https:\\\/\\\/www.perbellini.com\\\/shop\\\/sbrisolada\\\/#primaryimage\"},\"thumbnailUrl\":\"https:\\\/\\\/www.perbellini.com\\\/wp-content\\\/uploads\\\/2024\\\/10\\\/perbellini-sbrisolada.jpg\",\"datePublished\":\"2022-05-09T09:48:23+00:00\",\"dateModified\":\"2026-04-10T20:19:24+00:00\",\"description\":\"Mantova citt\u00e0 antica ed affascinante \u00e8 qui, a due passi da Bovolone, e proprio per questo abbiamo voluto renderle omaggio con il dolce che ne \u00e8 l'emblema. La \\\"brisa\\\" \u00e8 la briciola in dialetto mantovano, da qui il nome Sbrisolona o Sbrisolada. Le briciole, che si formano quando il dolce viene rotto, sono dovute al singolare impasto fatto di burro, mandorle e farina di mais.\",\"breadcrumb\":{\"@id\":\"https:\\\/\\\/www.perbellini.com\\\/shop\\\/sbrisolada\\\/#breadcrumb\"},\"inLanguage\":\"en-US\",\"potentialAction\":[{\"@type\":\"ReadAction\",\"target\":[\"https:\\\/\\\/www.perbellini.com\\\/shop\\\/sbrisolada\\\/\"]}]},{\"@type\":\"ImageObject\",\"inLanguage\":\"en-US\",\"@id\":\"https:\\\/\\\/www.perbellini.com\\\/shop\\\/sbrisolada\\\/#primaryimage\",\"url\":\"https:\\\/\\\/www.perbellini.com\\\/wp-content\\\/uploads\\\/2024\\\/10\\\/perbellini-sbrisolada.jpg\",\"contentUrl\":\"https:\\\/\\\/www.perbellini.com\\\/wp-content\\\/uploads\\\/2024\\\/10\\\/perbellini-sbrisolada.jpg\",\"width\":1080,\"height\":1080},{\"@type\":\"BreadcrumbList\",\"@id\":\"https:\\\/\\\/www.perbellini.com\\\/shop\\\/sbrisolada\\\/#breadcrumb\",\"itemListElement\":[{\"@type\":\"ListItem\",\"position\":1,\"name\":\"Home\",\"item\":\"https:\\\/\\\/www.perbellini.com\\\/\"},{\"@type\":\"ListItem\",\"position\":2,\"name\":\"Shop\",\"item\":\"https:\\\/\\\/www.perbellini.com\\\/shop\\\/\"},{\"@type\":\"ListItem\",\"position\":3,\"name\":\"Sbrisolada\"}]},{\"@type\":\"WebSite\",\"@id\":\"https:\\\/\\\/www.perbellini.com\\\/#website\",\"url\":\"https:\\\/\\\/www.perbellini.com\\\/\",\"name\":\"Pasticceria Perbellini\",\"description\":\"Premiata Pasticceria\",\"publisher\":{\"@id\":\"https:\\\/\\\/www.perbellini.com\\\/#organization\"},\"potentialAction\":[{\"@type\":\"SearchAction\",\"target\":{\"@type\":\"EntryPoint\",\"urlTemplate\":\"https:\\\/\\\/www.perbellini.com\\\/?s={search_term_string}\"},\"query-input\":{\"@type\":\"PropertyValueSpecification\",\"valueRequired\":true,\"valueName\":\"search_term_string\"}}],\"inLanguage\":\"en-US\"},{\"@type\":\"Organization\",\"@id\":\"https:\\\/\\\/www.perbellini.com\\\/#organization\",\"name\":\"Pasticceria Perbellini\",\"url\":\"https:\\\/\\\/www.perbellini.com\\\/\",\"logo\":{\"@type\":\"ImageObject\",\"inLanguage\":\"en-US\",\"@id\":\"https:\\\/\\\/www.perbellini.com\\\/#\\\/schema\\\/logo\\\/image\\\/\",\"url\":\"https:\\\/\\\/www.perbellini.com\\\/wp-content\\\/uploads\\\/2022\\\/05\\\/cropped-PB-pasticceria-nero.png\",\"contentUrl\":\"https:\\\/\\\/www.perbellini.com\\\/wp-content\\\/uploads\\\/2022\\\/05\\\/cropped-PB-pasticceria-nero.png\",\"width\":694,\"height\":483,\"caption\":\"Pasticceria Perbellini\"},\"image\":{\"@id\":\"https:\\\/\\\/www.perbellini.com\\\/#\\\/schema\\\/logo\\\/image\\\/\"},\"sameAs\":[\"https:\\\/\\\/www.facebook.com\\\/pasticceriaperbellini\\\/\",\"https:\\\/\\\/www.instagram.com\\\/pasticceriaperbellini\\\/\"]}]}<\/script>\n<!-- \/ Yoast SEO plugin. -->","yoast_head_json":{"title":"Sbrisolada - Pasticceria Perbellini","description":"Mantova citt\u00e0 antica ed affascinante \u00e8 qui, a due passi da Bovolone, e proprio per questo abbiamo voluto renderle omaggio con il dolce che ne \u00e8 l'emblema.  La \"brisa\" \u00e8 la briciola in dialetto mantovano, da qui il nome Sbrisolona o Sbrisolada. Le briciole, che si formano quando il dolce viene rotto, sono dovute al singolare impasto fatto di burro, mandorle e farina di mais.","robots":{"index":"index","follow":"follow","max-snippet":"max-snippet:-1","max-image-preview":"max-image-preview:large","max-video-preview":"max-video-preview:-1"},"canonical":"https:\/\/www.perbellini.com\/en\/shop\/sbrisolada\/","og_locale":"en_US","og_type":"article","og_title":"Sbrisolada - Pasticceria Perbellini","og_description":"Mantova citt\u00e0 antica ed affascinante \u00e8 qui, a due passi da Bovolone, e proprio per questo abbiamo voluto renderle omaggio con il dolce che ne \u00e8 l'emblema.  La \"brisa\" \u00e8 la briciola in dialetto mantovano, da qui il nome Sbrisolona o Sbrisolada. Le briciole, che si formano quando il dolce viene rotto, sono dovute al singolare impasto fatto di burro, mandorle e farina di mais.","og_url":"https:\/\/www.perbellini.com\/en\/shop\/sbrisolada\/","og_site_name":"Pasticceria Perbellini","article_publisher":"https:\/\/www.facebook.com\/pasticceriaperbellini\/","article_modified_time":"2026-04-10T20:19:24+00:00","og_image":[{"width":1080,"height":1080,"url":"https:\/\/www.perbellini.com\/wp-content\/uploads\/2024\/10\/perbellini-sbrisolada.jpg","type":"image\/jpeg"}],"twitter_card":"summary_large_image","twitter_misc":{"Est. reading time":"1 minute"},"schema":{"@context":"https:\/\/schema.org","@graph":[{"@type":"WebPage","@id":"https:\/\/www.perbellini.com\/shop\/sbrisolada\/","url":"https:\/\/www.perbellini.com\/shop\/sbrisolada\/","name":"Sbrisolada - Pasticceria Perbellini","isPartOf":{"@id":"https:\/\/www.perbellini.com\/#website"},"primaryImageOfPage":{"@id":"https:\/\/www.perbellini.com\/shop\/sbrisolada\/#primaryimage"},"image":{"@id":"https:\/\/www.perbellini.com\/shop\/sbrisolada\/#primaryimage"},"thumbnailUrl":"https:\/\/www.perbellini.com\/wp-content\/uploads\/2024\/10\/perbellini-sbrisolada.jpg","datePublished":"2022-05-09T09:48:23+00:00","dateModified":"2026-04-10T20:19:24+00:00","description":"Mantova citt\u00e0 antica ed affascinante \u00e8 qui, a due passi da Bovolone, e proprio per questo abbiamo voluto renderle omaggio con il dolce che ne \u00e8 l'emblema. La \"brisa\" \u00e8 la briciola in dialetto mantovano, da qui il nome Sbrisolona o Sbrisolada. Le briciole, che si formano quando il dolce viene rotto, sono dovute al singolare impasto fatto di burro, mandorle e farina di mais.","breadcrumb":{"@id":"https:\/\/www.perbellini.com\/shop\/sbrisolada\/#breadcrumb"},"inLanguage":"en-US","potentialAction":[{"@type":"ReadAction","target":["https:\/\/www.perbellini.com\/shop\/sbrisolada\/"]}]},{"@type":"ImageObject","inLanguage":"en-US","@id":"https:\/\/www.perbellini.com\/shop\/sbrisolada\/#primaryimage","url":"https:\/\/www.perbellini.com\/wp-content\/uploads\/2024\/10\/perbellini-sbrisolada.jpg","contentUrl":"https:\/\/www.perbellini.com\/wp-content\/uploads\/2024\/10\/perbellini-sbrisolada.jpg","width":1080,"height":1080},{"@type":"BreadcrumbList","@id":"https:\/\/www.perbellini.com\/shop\/sbrisolada\/#breadcrumb","itemListElement":[{"@type":"ListItem","position":1,"name":"Home","item":"https:\/\/www.perbellini.com\/"},{"@type":"ListItem","position":2,"name":"Shop","item":"https:\/\/www.perbellini.com\/shop\/"},{"@type":"ListItem","position":3,"name":"Sbrisolada"}]},{"@type":"WebSite","@id":"https:\/\/www.perbellini.com\/#website","url":"https:\/\/www.perbellini.com\/","name":"Perbellini Pastry Shop","description":"Award-winning Confectionery","publisher":{"@id":"https:\/\/www.perbellini.com\/#organization"},"potentialAction":[{"@type":"SearchAction","target":{"@type":"EntryPoint","urlTemplate":"https:\/\/www.perbellini.com\/?s={search_term_string}"},"query-input":{"@type":"PropertyValueSpecification","valueRequired":true,"valueName":"search_term_string"}}],"inLanguage":"en-US"},{"@type":"Organization","@id":"https:\/\/www.perbellini.com\/#organization","name":"Perbellini Pastry Shop","url":"https:\/\/www.perbellini.com\/","logo":{"@type":"ImageObject","inLanguage":"en-US","@id":"https:\/\/www.perbellini.com\/#\/schema\/logo\/image\/","url":"https:\/\/www.perbellini.com\/wp-content\/uploads\/2022\/05\/cropped-PB-pasticceria-nero.png","contentUrl":"https:\/\/www.perbellini.com\/wp-content\/uploads\/2022\/05\/cropped-PB-pasticceria-nero.png","width":694,"height":483,"caption":"Pasticceria Perbellini"},"image":{"@id":"https:\/\/www.perbellini.com\/#\/schema\/logo\/image\/"},"sameAs":["https:\/\/www.facebook.com\/pasticceriaperbellini\/","https:\/\/www.instagram.com\/pasticceriaperbellini\/"]}]}},"_links":{"self":[{"href":"https:\/\/www.perbellini.com\/en\/wp-json\/wp\/v2\/product\/60","targetHints":{"allow":["GET"]}}],"collection":[{"href":"https:\/\/www.perbellini.com\/en\/wp-json\/wp\/v2\/product"}],"about":[{"href":"https:\/\/www.perbellini.com\/en\/wp-json\/wp\/v2\/types\/product"}],"wp:featuredmedia":[{"embeddable":true,"href":"https:\/\/www.perbellini.com\/en\/wp-json\/wp\/v2\/media\/8909"}],"wp:attachment":[{"href":"https:\/\/www.perbellini.com\/en\/wp-json\/wp\/v2\/media?parent=60"}],"wp:term":[{"taxonomy":"product_brand","embeddable":true,"href":"https:\/\/www.perbellini.com\/en\/wp-json\/wp\/v2\/product_brand?post=60"},{"taxonomy":"product_cat","embeddable":true,"href":"https:\/\/www.perbellini.com\/en\/wp-json\/wp\/v2\/product_cat?post=60"},{"taxonomy":"product_tag","embeddable":true,"href":"https:\/\/www.perbellini.com\/en\/wp-json\/wp\/v2\/product_tag?post=60"}],"curies":[{"name":"wp","href":"https:\/\/api.w.org\/{rel}","templated":true}]}}