{"id":1623,"date":"2022-06-27T11:09:24","date_gmt":"2022-06-27T09:09:24","guid":{"rendered":"https:\/\/www.perbellini.com\/prodotto\/ciambella"},"modified":"2026-04-17T21:49:04","modified_gmt":"2026-04-17T19:49:04","slug":"ciambella","status":"publish","type":"product","link":"https:\/\/www.perbellini.com\/en\/shop\/ciambella\/","title":{"rendered":"Donut"},"content":{"rendered":"","protected":false},"excerpt":{"rendered":"<p>The lightest of the yeast family: the doughnut is a fluffy, honeycombed yeast that is made year-round given the greater lightness of the dough. In fact, the butter content is lower than in Christmas leavened doughnuts, but the taste remains enveloping.<\/p>\n<p>This cake is not only ideal for breakfast or snack, but is also a great gift idea, presenting it in its octagonal box.<\/p>\n<p>Product available year-round.<\/p>","protected":false},"featured_media":12058,"template":"","meta":{"_acf_changed":false},"product_brand":[],"product_cat":[77],"product_tag":[],"class_list":{"0":"post-1623","1":"product","2":"type-product","3":"status-publish","4":"has-post-thumbnail","6":"product_cat-altri-lievitati","8":"first","9":"instock","10":"featured","11":"taxable","12":"shipping-taxable","13":"purchasable","14":"product-type-simple"},"acf":[],"yoast_head":"<!-- This site is optimized with the Yoast SEO plugin v27.3 - https:\/\/yoast.com\/product\/yoast-seo-wordpress\/ -->\n<title>Ciambella - Pasticceria Perbellini<\/title>\n<meta name=\"description\" content=\"Il pi\u00f9 leggero della famiglia dei lievitati: la ciambella \u00e8 un lievitato soffice e alveolato, che viene prodotto tutto l&#039;anno vista la maggiore leggerezza dell&#039;impasto. Il contenuto di burro \u00e8 infatti inferiore rispetto ai lievitati natalizi, ma il gusto rimane sempre avvolgente.  Questo dolce non \u00e8 solo ideale per colazione o merenda, ma \u00e8 anche un ottima idea regalo, presentandolo nella sua scatola ottagonale.  Prodotto disponibile tutto l&#039;anno.\" \/>\n<meta name=\"robots\" content=\"index, follow, max-snippet:-1, max-image-preview:large, max-video-preview:-1\" \/>\n<link rel=\"canonical\" href=\"https:\/\/www.perbellini.com\/en\/shop\/ciambella\/\" \/>\n<meta property=\"og:locale\" content=\"en_US\" \/>\n<meta property=\"og:type\" content=\"article\" \/>\n<meta property=\"og:title\" content=\"Ciambella - Pasticceria Perbellini\" \/>\n<meta property=\"og:description\" content=\"Il pi\u00f9 leggero della famiglia dei lievitati: la ciambella \u00e8 un lievitato soffice e alveolato, che viene prodotto tutto l&#039;anno vista la maggiore leggerezza dell&#039;impasto. Il contenuto di burro \u00e8 infatti inferiore rispetto ai lievitati natalizi, ma il gusto rimane sempre avvolgente.  Questo dolce non \u00e8 solo ideale per colazione o merenda, ma \u00e8 anche un ottima idea regalo, presentandolo nella sua scatola ottagonale.  Prodotto disponibile tutto l&#039;anno.\" \/>\n<meta property=\"og:url\" content=\"https:\/\/www.perbellini.com\/en\/shop\/ciambella\/\" \/>\n<meta property=\"og:site_name\" content=\"Pasticceria Perbellini\" \/>\n<meta property=\"article:publisher\" content=\"https:\/\/www.facebook.com\/pasticceriaperbellini\/\" \/>\n<meta property=\"article:modified_time\" content=\"2026-04-17T19:49:04+00:00\" \/>\n<meta property=\"og:image\" content=\"https:\/\/www.perbellini.com\/wp-content\/uploads\/2025\/11\/perbellini-lievitati-ciambella-nuovascatola.jpg\" \/>\n\t<meta property=\"og:image:width\" content=\"1080\" \/>\n\t<meta property=\"og:image:height\" content=\"1080\" \/>\n\t<meta property=\"og:image:type\" content=\"image\/jpeg\" \/>\n<meta name=\"twitter:card\" content=\"summary_large_image\" \/>\n<meta name=\"twitter:label1\" content=\"Est. reading time\" \/>\n\t<meta name=\"twitter:data1\" content=\"1 minute\" \/>\n<script type=\"application\/ld+json\" class=\"yoast-schema-graph\">{\"@context\":\"https:\\\/\\\/schema.org\",\"@graph\":[{\"@type\":\"WebPage\",\"@id\":\"https:\\\/\\\/www.perbellini.com\\\/shop\\\/ciambella\\\/\",\"url\":\"https:\\\/\\\/www.perbellini.com\\\/shop\\\/ciambella\\\/\",\"name\":\"Ciambella - Pasticceria Perbellini\",\"isPartOf\":{\"@id\":\"https:\\\/\\\/www.perbellini.com\\\/#website\"},\"primaryImageOfPage\":{\"@id\":\"https:\\\/\\\/www.perbellini.com\\\/shop\\\/ciambella\\\/#primaryimage\"},\"image\":{\"@id\":\"https:\\\/\\\/www.perbellini.com\\\/shop\\\/ciambella\\\/#primaryimage\"},\"thumbnailUrl\":\"https:\\\/\\\/www.perbellini.com\\\/wp-content\\\/uploads\\\/2025\\\/11\\\/perbellini-lievitati-ciambella-nuovascatola.jpg\",\"datePublished\":\"2022-06-27T09:09:24+00:00\",\"dateModified\":\"2026-04-17T19:49:04+00:00\",\"description\":\"Il pi\u00f9 leggero della famiglia dei lievitati: la ciambella \u00e8 un lievitato soffice e alveolato, che viene prodotto tutto l'anno vista la maggiore leggerezza dell'impasto. Il contenuto di burro \u00e8 infatti inferiore rispetto ai lievitati natalizi, ma il gusto rimane sempre avvolgente. Questo dolce non \u00e8 solo ideale per colazione o merenda, ma \u00e8 anche un ottima idea regalo, presentandolo nella sua scatola ottagonale. Prodotto disponibile tutto l'anno.\",\"breadcrumb\":{\"@id\":\"https:\\\/\\\/www.perbellini.com\\\/shop\\\/ciambella\\\/#breadcrumb\"},\"inLanguage\":\"en-US\",\"potentialAction\":[{\"@type\":\"ReadAction\",\"target\":[\"https:\\\/\\\/www.perbellini.com\\\/shop\\\/ciambella\\\/\"]}]},{\"@type\":\"ImageObject\",\"inLanguage\":\"en-US\",\"@id\":\"https:\\\/\\\/www.perbellini.com\\\/shop\\\/ciambella\\\/#primaryimage\",\"url\":\"https:\\\/\\\/www.perbellini.com\\\/wp-content\\\/uploads\\\/2025\\\/11\\\/perbellini-lievitati-ciambella-nuovascatola.jpg\",\"contentUrl\":\"https:\\\/\\\/www.perbellini.com\\\/wp-content\\\/uploads\\\/2025\\\/11\\\/perbellini-lievitati-ciambella-nuovascatola.jpg\",\"width\":1080,\"height\":1080},{\"@type\":\"BreadcrumbList\",\"@id\":\"https:\\\/\\\/www.perbellini.com\\\/shop\\\/ciambella\\\/#breadcrumb\",\"itemListElement\":[{\"@type\":\"ListItem\",\"position\":1,\"name\":\"Home\",\"item\":\"https:\\\/\\\/www.perbellini.com\\\/\"},{\"@type\":\"ListItem\",\"position\":2,\"name\":\"Shop\",\"item\":\"https:\\\/\\\/www.perbellini.com\\\/shop\\\/\"},{\"@type\":\"ListItem\",\"position\":3,\"name\":\"Ciambella\"}]},{\"@type\":\"WebSite\",\"@id\":\"https:\\\/\\\/www.perbellini.com\\\/#website\",\"url\":\"https:\\\/\\\/www.perbellini.com\\\/\",\"name\":\"Pasticceria Perbellini\",\"description\":\"Premiata Pasticceria\",\"publisher\":{\"@id\":\"https:\\\/\\\/www.perbellini.com\\\/#organization\"},\"potentialAction\":[{\"@type\":\"SearchAction\",\"target\":{\"@type\":\"EntryPoint\",\"urlTemplate\":\"https:\\\/\\\/www.perbellini.com\\\/?s={search_term_string}\"},\"query-input\":{\"@type\":\"PropertyValueSpecification\",\"valueRequired\":true,\"valueName\":\"search_term_string\"}}],\"inLanguage\":\"en-US\"},{\"@type\":\"Organization\",\"@id\":\"https:\\\/\\\/www.perbellini.com\\\/#organization\",\"name\":\"Pasticceria Perbellini\",\"url\":\"https:\\\/\\\/www.perbellini.com\\\/\",\"logo\":{\"@type\":\"ImageObject\",\"inLanguage\":\"en-US\",\"@id\":\"https:\\\/\\\/www.perbellini.com\\\/#\\\/schema\\\/logo\\\/image\\\/\",\"url\":\"https:\\\/\\\/www.perbellini.com\\\/wp-content\\\/uploads\\\/2022\\\/05\\\/cropped-PB-pasticceria-nero.png\",\"contentUrl\":\"https:\\\/\\\/www.perbellini.com\\\/wp-content\\\/uploads\\\/2022\\\/05\\\/cropped-PB-pasticceria-nero.png\",\"width\":694,\"height\":483,\"caption\":\"Pasticceria Perbellini\"},\"image\":{\"@id\":\"https:\\\/\\\/www.perbellini.com\\\/#\\\/schema\\\/logo\\\/image\\\/\"},\"sameAs\":[\"https:\\\/\\\/www.facebook.com\\\/pasticceriaperbellini\\\/\",\"https:\\\/\\\/www.instagram.com\\\/pasticceriaperbellini\\\/\"]}]}<\/script>\n<!-- \/ Yoast SEO plugin. -->","yoast_head_json":{"title":"Donut - Pastry Shop Perbellini","description":"The lightest of the yeast family: the doughnut is a fluffy, honeycombed yeast that is made year-round given the greater lightness of the dough. In fact, the butter content is lower than in Christmas leavened doughnuts, but the taste always remains enveloping.  This cake is not only ideal for breakfast or snack, but is also a great gift idea, presenting it in its octagonal box.  Product available year-round.","robots":{"index":"index","follow":"follow","max-snippet":"max-snippet:-1","max-image-preview":"max-image-preview:large","max-video-preview":"max-video-preview:-1"},"canonical":"https:\/\/www.perbellini.com\/en\/shop\/ciambella\/","og_locale":"en_US","og_type":"article","og_title":"Ciambella - Pasticceria Perbellini","og_description":"Il pi\u00f9 leggero della famiglia dei lievitati: la ciambella \u00e8 un lievitato soffice e alveolato, che viene prodotto tutto l'anno vista la maggiore leggerezza dell'impasto. Il contenuto di burro \u00e8 infatti inferiore rispetto ai lievitati natalizi, ma il gusto rimane sempre avvolgente.  Questo dolce non \u00e8 solo ideale per colazione o merenda, ma \u00e8 anche un ottima idea regalo, presentandolo nella sua scatola ottagonale.  Prodotto disponibile tutto l'anno.","og_url":"https:\/\/www.perbellini.com\/en\/shop\/ciambella\/","og_site_name":"Pasticceria Perbellini","article_publisher":"https:\/\/www.facebook.com\/pasticceriaperbellini\/","article_modified_time":"2026-04-17T19:49:04+00:00","og_image":[{"width":1080,"height":1080,"url":"https:\/\/www.perbellini.com\/wp-content\/uploads\/2025\/11\/perbellini-lievitati-ciambella-nuovascatola.jpg","type":"image\/jpeg"}],"twitter_card":"summary_large_image","twitter_misc":{"Est. reading time":"1 minute"},"schema":{"@context":"https:\/\/schema.org","@graph":[{"@type":"WebPage","@id":"https:\/\/www.perbellini.com\/shop\/ciambella\/","url":"https:\/\/www.perbellini.com\/shop\/ciambella\/","name":"Donut - Pastry Shop Perbellini","isPartOf":{"@id":"https:\/\/www.perbellini.com\/#website"},"primaryImageOfPage":{"@id":"https:\/\/www.perbellini.com\/shop\/ciambella\/#primaryimage"},"image":{"@id":"https:\/\/www.perbellini.com\/shop\/ciambella\/#primaryimage"},"thumbnailUrl":"https:\/\/www.perbellini.com\/wp-content\/uploads\/2025\/11\/perbellini-lievitati-ciambella-nuovascatola.jpg","datePublished":"2022-06-27T09:09:24+00:00","dateModified":"2026-04-17T19:49:04+00:00","description":"The lightest of the yeast family: the doughnut is a fluffy, honeycombed yeast that is made year-round given the greater lightness of the dough. In fact, the butter content is lower than in Christmas leavened doughnuts, but the taste always remains enveloping. This cake is not only ideal for breakfast or snack, but is also a great gift idea, presenting it in its octagonal box. Product available year-round.","breadcrumb":{"@id":"https:\/\/www.perbellini.com\/shop\/ciambella\/#breadcrumb"},"inLanguage":"en-US","potentialAction":[{"@type":"ReadAction","target":["https:\/\/www.perbellini.com\/shop\/ciambella\/"]}]},{"@type":"ImageObject","inLanguage":"en-US","@id":"https:\/\/www.perbellini.com\/shop\/ciambella\/#primaryimage","url":"https:\/\/www.perbellini.com\/wp-content\/uploads\/2025\/11\/perbellini-lievitati-ciambella-nuovascatola.jpg","contentUrl":"https:\/\/www.perbellini.com\/wp-content\/uploads\/2025\/11\/perbellini-lievitati-ciambella-nuovascatola.jpg","width":1080,"height":1080},{"@type":"BreadcrumbList","@id":"https:\/\/www.perbellini.com\/shop\/ciambella\/#breadcrumb","itemListElement":[{"@type":"ListItem","position":1,"name":"Home","item":"https:\/\/www.perbellini.com\/"},{"@type":"ListItem","position":2,"name":"Shop","item":"https:\/\/www.perbellini.com\/shop\/"},{"@type":"ListItem","position":3,"name":"Ciambella"}]},{"@type":"WebSite","@id":"https:\/\/www.perbellini.com\/#website","url":"https:\/\/www.perbellini.com\/","name":"Perbellini Pastry Shop","description":"Award-winning Confectionery","publisher":{"@id":"https:\/\/www.perbellini.com\/#organization"},"potentialAction":[{"@type":"SearchAction","target":{"@type":"EntryPoint","urlTemplate":"https:\/\/www.perbellini.com\/?s={search_term_string}"},"query-input":{"@type":"PropertyValueSpecification","valueRequired":true,"valueName":"search_term_string"}}],"inLanguage":"en-US"},{"@type":"Organization","@id":"https:\/\/www.perbellini.com\/#organization","name":"Perbellini Pastry Shop","url":"https:\/\/www.perbellini.com\/","logo":{"@type":"ImageObject","inLanguage":"en-US","@id":"https:\/\/www.perbellini.com\/#\/schema\/logo\/image\/","url":"https:\/\/www.perbellini.com\/wp-content\/uploads\/2022\/05\/cropped-PB-pasticceria-nero.png","contentUrl":"https:\/\/www.perbellini.com\/wp-content\/uploads\/2022\/05\/cropped-PB-pasticceria-nero.png","width":694,"height":483,"caption":"Pasticceria Perbellini"},"image":{"@id":"https:\/\/www.perbellini.com\/#\/schema\/logo\/image\/"},"sameAs":["https:\/\/www.facebook.com\/pasticceriaperbellini\/","https:\/\/www.instagram.com\/pasticceriaperbellini\/"]}]}},"_links":{"self":[{"href":"https:\/\/www.perbellini.com\/en\/wp-json\/wp\/v2\/product\/1623","targetHints":{"allow":["GET"]}}],"collection":[{"href":"https:\/\/www.perbellini.com\/en\/wp-json\/wp\/v2\/product"}],"about":[{"href":"https:\/\/www.perbellini.com\/en\/wp-json\/wp\/v2\/types\/product"}],"wp:featuredmedia":[{"embeddable":true,"href":"https:\/\/www.perbellini.com\/en\/wp-json\/wp\/v2\/media\/12058"}],"wp:attachment":[{"href":"https:\/\/www.perbellini.com\/en\/wp-json\/wp\/v2\/media?parent=1623"}],"wp:term":[{"taxonomy":"product_brand","embeddable":true,"href":"https:\/\/www.perbellini.com\/en\/wp-json\/wp\/v2\/product_brand?post=1623"},{"taxonomy":"product_cat","embeddable":true,"href":"https:\/\/www.perbellini.com\/en\/wp-json\/wp\/v2\/product_cat?post=1623"},{"taxonomy":"product_tag","embeddable":true,"href":"https:\/\/www.perbellini.com\/en\/wp-json\/wp\/v2\/product_tag?post=1623"}],"curies":[{"name":"wp","href":"https:\/\/api.w.org\/{rel}","templated":true}]}}